{"id":585,"date":"2024-10-17T17:05:52","date_gmt":"2024-10-17T15:05:52","guid":{"rendered":"https:\/\/modaitalia.gruppoflorence.it\/?page_id=585"},"modified":"2024-12-20T11:16:22","modified_gmt":"2024-12-20T10:16:22","slug":"prestations","status":"publish","type":"page","link":"https:\/\/modaitalia.gruppoflorence.it\/fr\/prestations\/","title":{"rendered":"Prestations"},"content":{"rendered":"","protected":false},"excerpt":{"rendered":"","protected":false},"author":18,"featured_media":0,"parent":0,"menu_order":0,"comment_status":"closed","ping_status":"closed","template":"","meta":{"_acf_changed":false,"footnotes":""},"class_list":["post-585","page","type-page","status-publish","hentry"],"acf":[],"yoast_head":"<!-- This site is optimized with the Yoast SEO plugin v27.1.1 - https:\/\/yoast.com\/product\/yoast-seo-wordpress\/ -->\n<title>Moda Italia prestations: synergie entre exp\u00e9rimentation et tradition<\/title>\n<meta name=\"description\" content=\"D\u00e9couvrez les services de Moda Italia: pr\u00e9cision dans le processus de production pour garantir un v\u00eatement de qualit\u00e9 et soutien aux d\u00e9fil\u00e9s de mode.\" \/>\n<meta name=\"robots\" content=\"index, follow, max-snippet:-1, max-image-preview:large, max-video-preview:-1\" \/>\n<link rel=\"canonical\" href=\"https:\/\/modaitalia.gruppoflorence.it\/fr\/prestations\/\" \/>\n<meta property=\"og:locale\" content=\"fr_FR\" \/>\n<meta property=\"og:type\" content=\"article\" \/>\n<meta property=\"og:title\" content=\"Moda Italia prestations: synergie entre exp\u00e9rimentation et tradition\" \/>\n<meta property=\"og:description\" content=\"D\u00e9couvrez les services de Moda Italia: pr\u00e9cision dans le processus de production pour garantir un v\u00eatement de qualit\u00e9 et soutien aux d\u00e9fil\u00e9s de mode.\" \/>\n<meta property=\"og:url\" content=\"https:\/\/modaitalia.gruppoflorence.it\/fr\/prestations\/\" \/>\n<meta property=\"og:site_name\" content=\"Moda Italia\" \/>\n<meta property=\"article:modified_time\" content=\"2024-12-20T10:16:22+00:00\" \/>\n<meta name=\"twitter:card\" content=\"summary_large_image\" \/>\n<script type=\"application\/ld+json\" class=\"yoast-schema-graph\">{\"@context\":\"https:\/\/schema.org\",\"@graph\":[{\"@type\":\"WebPage\",\"@id\":\"https:\/\/modaitalia.gruppoflorence.it\/fr\/prestations\/\",\"url\":\"https:\/\/modaitalia.gruppoflorence.it\/fr\/prestations\/\",\"name\":\"Moda Italia prestations: synergie entre exp\u00e9rimentation et tradition\",\"isPartOf\":{\"@id\":\"https:\/\/modaitalia.gruppoflorence.it\/#website\"},\"datePublished\":\"2024-10-17T15:05:52+00:00\",\"dateModified\":\"2024-12-20T10:16:22+00:00\",\"description\":\"D\u00e9couvrez les services de Moda Italia: pr\u00e9cision dans le processus de production pour garantir un v\u00eatement de qualit\u00e9 et soutien aux d\u00e9fil\u00e9s de mode.\",\"breadcrumb\":{\"@id\":\"https:\/\/modaitalia.gruppoflorence.it\/fr\/prestations\/#breadcrumb\"},\"inLanguage\":\"fr-FR\",\"potentialAction\":[{\"@type\":\"ReadAction\",\"target\":[\"https:\/\/modaitalia.gruppoflorence.it\/fr\/prestations\/\"]}]},{\"@type\":\"BreadcrumbList\",\"@id\":\"https:\/\/modaitalia.gruppoflorence.it\/fr\/prestations\/#breadcrumb\",\"itemListElement\":[{\"@type\":\"ListItem\",\"position\":1,\"name\":\"Home\",\"item\":\"https:\/\/modaitalia.gruppoflorence.it\/fr\/\"},{\"@type\":\"ListItem\",\"position\":2,\"name\":\"Prestations\"}]},{\"@type\":\"WebSite\",\"@id\":\"https:\/\/modaitalia.gruppoflorence.it\/#website\",\"url\":\"https:\/\/modaitalia.gruppoflorence.it\/\",\"name\":\"Moda Italia\",\"description\":\"\",\"potentialAction\":[{\"@type\":\"SearchAction\",\"target\":{\"@type\":\"EntryPoint\",\"urlTemplate\":\"https:\/\/modaitalia.gruppoflorence.it\/?s={search_term_string}\"},\"query-input\":{\"@type\":\"PropertyValueSpecification\",\"valueRequired\":true,\"valueName\":\"search_term_string\"}}],\"inLanguage\":\"fr-FR\"}]}<\/script>\n<!-- \/ Yoast SEO plugin. -->","yoast_head_json":{"title":"Moda Italia prestations: synergie entre exp\u00e9rimentation et tradition","description":"D\u00e9couvrez les services de Moda Italia: pr\u00e9cision dans le processus de production pour garantir un v\u00eatement de qualit\u00e9 et soutien aux d\u00e9fil\u00e9s de mode.","robots":{"index":"index","follow":"follow","max-snippet":"max-snippet:-1","max-image-preview":"max-image-preview:large","max-video-preview":"max-video-preview:-1"},"canonical":"https:\/\/modaitalia.gruppoflorence.it\/fr\/prestations\/","og_locale":"fr_FR","og_type":"article","og_title":"Moda Italia prestations: synergie entre exp\u00e9rimentation et tradition","og_description":"D\u00e9couvrez les services de Moda Italia: pr\u00e9cision dans le processus de production pour garantir un v\u00eatement de qualit\u00e9 et soutien aux d\u00e9fil\u00e9s de mode.","og_url":"https:\/\/modaitalia.gruppoflorence.it\/fr\/prestations\/","og_site_name":"Moda Italia","article_modified_time":"2024-12-20T10:16:22+00:00","twitter_card":"summary_large_image","schema":{"@context":"https:\/\/schema.org","@graph":[{"@type":"WebPage","@id":"https:\/\/modaitalia.gruppoflorence.it\/fr\/prestations\/","url":"https:\/\/modaitalia.gruppoflorence.it\/fr\/prestations\/","name":"Moda Italia prestations: synergie entre exp\u00e9rimentation et tradition","isPartOf":{"@id":"https:\/\/modaitalia.gruppoflorence.it\/#website"},"datePublished":"2024-10-17T15:05:52+00:00","dateModified":"2024-12-20T10:16:22+00:00","description":"D\u00e9couvrez les services de Moda Italia: pr\u00e9cision dans le processus de production pour garantir un v\u00eatement de qualit\u00e9 et soutien aux d\u00e9fil\u00e9s de mode.","breadcrumb":{"@id":"https:\/\/modaitalia.gruppoflorence.it\/fr\/prestations\/#breadcrumb"},"inLanguage":"fr-FR","potentialAction":[{"@type":"ReadAction","target":["https:\/\/modaitalia.gruppoflorence.it\/fr\/prestations\/"]}]},{"@type":"BreadcrumbList","@id":"https:\/\/modaitalia.gruppoflorence.it\/fr\/prestations\/#breadcrumb","itemListElement":[{"@type":"ListItem","position":1,"name":"Home","item":"https:\/\/modaitalia.gruppoflorence.it\/fr\/"},{"@type":"ListItem","position":2,"name":"Prestations"}]},{"@type":"WebSite","@id":"https:\/\/modaitalia.gruppoflorence.it\/#website","url":"https:\/\/modaitalia.gruppoflorence.it\/","name":"Moda Italia","description":"","potentialAction":[{"@type":"SearchAction","target":{"@type":"EntryPoint","urlTemplate":"https:\/\/modaitalia.gruppoflorence.it\/?s={search_term_string}"},"query-input":{"@type":"PropertyValueSpecification","valueRequired":true,"valueName":"search_term_string"}}],"inLanguage":"fr-FR"}]}},"_links":{"self":[{"href":"https:\/\/modaitalia.gruppoflorence.it\/fr\/wp-json\/wp\/v2\/pages\/585","targetHints":{"allow":["GET"]}}],"collection":[{"href":"https:\/\/modaitalia.gruppoflorence.it\/fr\/wp-json\/wp\/v2\/pages"}],"about":[{"href":"https:\/\/modaitalia.gruppoflorence.it\/fr\/wp-json\/wp\/v2\/types\/page"}],"author":[{"embeddable":true,"href":"https:\/\/modaitalia.gruppoflorence.it\/fr\/wp-json\/wp\/v2\/users\/18"}],"replies":[{"embeddable":true,"href":"https:\/\/modaitalia.gruppoflorence.it\/fr\/wp-json\/wp\/v2\/comments?post=585"}],"version-history":[{"count":5,"href":"https:\/\/modaitalia.gruppoflorence.it\/fr\/wp-json\/wp\/v2\/pages\/585\/revisions"}],"predecessor-version":[{"id":635,"href":"https:\/\/modaitalia.gruppoflorence.it\/fr\/wp-json\/wp\/v2\/pages\/585\/revisions\/635"}],"wp:attachment":[{"href":"https:\/\/modaitalia.gruppoflorence.it\/fr\/wp-json\/wp\/v2\/media?parent=585"}],"curies":[{"name":"wp","href":"https:\/\/api.w.org\/{rel}","templated":true}]}}