{"id":589,"date":"2024-10-18T15:46:04","date_gmt":"2024-10-18T13:46:04","guid":{"rendered":"https:\/\/modaitalia.gruppoflorence.it\/?page_id=589"},"modified":"2025-04-07T11:17:20","modified_gmt":"2025-04-07T09:17:20","slug":"lentreprise","status":"publish","type":"page","link":"https:\/\/modaitalia.gruppoflorence.it\/fr\/lentreprise\/","title":{"rendered":"L\u2019entreprise"},"content":{"rendered":"","protected":false},"excerpt":{"rendered":"","protected":false},"author":18,"featured_media":0,"parent":0,"menu_order":0,"comment_status":"closed","ping_status":"closed","template":"","meta":{"_acf_changed":false,"footnotes":""},"class_list":["post-589","page","type-page","status-publish","hentry"],"acf":[],"yoast_head":"<!-- This site is optimized with the Yoast SEO plugin v27.1.1 - https:\/\/yoast.com\/product\/yoast-seo-wordpress\/ -->\n<title>Moda Italia: histoire, mission et valeurs<\/title>\n<meta name=\"description\" content=\"D\u00e9couvrez l&#039;histoire, la vision et les valeurs de Moda Italia: qualit\u00e9 et innovation dans le secteur de l&#039;habillement et des v\u00eatements de sport.\" \/>\n<meta name=\"robots\" content=\"index, follow, max-snippet:-1, max-image-preview:large, max-video-preview:-1\" \/>\n<link rel=\"canonical\" href=\"https:\/\/modaitalia.gruppoflorence.it\/fr\/lentreprise\/\" \/>\n<meta property=\"og:locale\" content=\"fr_FR\" \/>\n<meta property=\"og:type\" content=\"article\" \/>\n<meta property=\"og:title\" content=\"Moda Italia: histoire, mission et valeurs\" \/>\n<meta property=\"og:description\" content=\"D\u00e9couvrez l&#039;histoire, la vision et les valeurs de Moda Italia: qualit\u00e9 et innovation dans le secteur de l&#039;habillement et des v\u00eatements de sport.\" \/>\n<meta property=\"og:url\" content=\"https:\/\/modaitalia.gruppoflorence.it\/fr\/lentreprise\/\" \/>\n<meta property=\"og:site_name\" content=\"Moda Italia\" \/>\n<meta property=\"article:modified_time\" content=\"2025-04-07T09:17:20+00:00\" \/>\n<meta name=\"twitter:card\" content=\"summary_large_image\" \/>\n<script type=\"application\/ld+json\" class=\"yoast-schema-graph\">{\"@context\":\"https:\/\/schema.org\",\"@graph\":[{\"@type\":\"WebPage\",\"@id\":\"https:\/\/modaitalia.gruppoflorence.it\/fr\/lentreprise\/\",\"url\":\"https:\/\/modaitalia.gruppoflorence.it\/fr\/lentreprise\/\",\"name\":\"Moda Italia: histoire, mission et valeurs\",\"isPartOf\":{\"@id\":\"https:\/\/modaitalia.gruppoflorence.it\/#website\"},\"datePublished\":\"2024-10-18T13:46:04+00:00\",\"dateModified\":\"2025-04-07T09:17:20+00:00\",\"description\":\"D\u00e9couvrez l'histoire, la vision et les valeurs de Moda Italia: qualit\u00e9 et innovation dans le secteur de l'habillement et des v\u00eatements de sport.\",\"breadcrumb\":{\"@id\":\"https:\/\/modaitalia.gruppoflorence.it\/fr\/lentreprise\/#breadcrumb\"},\"inLanguage\":\"fr-FR\",\"potentialAction\":[{\"@type\":\"ReadAction\",\"target\":[\"https:\/\/modaitalia.gruppoflorence.it\/fr\/lentreprise\/\"]}]},{\"@type\":\"BreadcrumbList\",\"@id\":\"https:\/\/modaitalia.gruppoflorence.it\/fr\/lentreprise\/#breadcrumb\",\"itemListElement\":[{\"@type\":\"ListItem\",\"position\":1,\"name\":\"Home\",\"item\":\"https:\/\/modaitalia.gruppoflorence.it\/fr\/\"},{\"@type\":\"ListItem\",\"position\":2,\"name\":\"L\u2019entreprise\"}]},{\"@type\":\"WebSite\",\"@id\":\"https:\/\/modaitalia.gruppoflorence.it\/#website\",\"url\":\"https:\/\/modaitalia.gruppoflorence.it\/\",\"name\":\"Moda Italia\",\"description\":\"\",\"potentialAction\":[{\"@type\":\"SearchAction\",\"target\":{\"@type\":\"EntryPoint\",\"urlTemplate\":\"https:\/\/modaitalia.gruppoflorence.it\/?s={search_term_string}\"},\"query-input\":{\"@type\":\"PropertyValueSpecification\",\"valueRequired\":true,\"valueName\":\"search_term_string\"}}],\"inLanguage\":\"fr-FR\"}]}<\/script>\n<!-- \/ Yoast SEO plugin. -->","yoast_head_json":{"title":"Moda Italia: histoire, mission et valeurs","description":"D\u00e9couvrez l'histoire, la vision et les valeurs de Moda Italia: qualit\u00e9 et innovation dans le secteur de l'habillement et des v\u00eatements de sport.","robots":{"index":"index","follow":"follow","max-snippet":"max-snippet:-1","max-image-preview":"max-image-preview:large","max-video-preview":"max-video-preview:-1"},"canonical":"https:\/\/modaitalia.gruppoflorence.it\/fr\/lentreprise\/","og_locale":"fr_FR","og_type":"article","og_title":"Moda Italia: histoire, mission et valeurs","og_description":"D\u00e9couvrez l'histoire, la vision et les valeurs de Moda Italia: qualit\u00e9 et innovation dans le secteur de l'habillement et des v\u00eatements de sport.","og_url":"https:\/\/modaitalia.gruppoflorence.it\/fr\/lentreprise\/","og_site_name":"Moda Italia","article_modified_time":"2025-04-07T09:17:20+00:00","twitter_card":"summary_large_image","schema":{"@context":"https:\/\/schema.org","@graph":[{"@type":"WebPage","@id":"https:\/\/modaitalia.gruppoflorence.it\/fr\/lentreprise\/","url":"https:\/\/modaitalia.gruppoflorence.it\/fr\/lentreprise\/","name":"Moda Italia: histoire, mission et valeurs","isPartOf":{"@id":"https:\/\/modaitalia.gruppoflorence.it\/#website"},"datePublished":"2024-10-18T13:46:04+00:00","dateModified":"2025-04-07T09:17:20+00:00","description":"D\u00e9couvrez l'histoire, la vision et les valeurs de Moda Italia: qualit\u00e9 et innovation dans le secteur de l'habillement et des v\u00eatements de sport.","breadcrumb":{"@id":"https:\/\/modaitalia.gruppoflorence.it\/fr\/lentreprise\/#breadcrumb"},"inLanguage":"fr-FR","potentialAction":[{"@type":"ReadAction","target":["https:\/\/modaitalia.gruppoflorence.it\/fr\/lentreprise\/"]}]},{"@type":"BreadcrumbList","@id":"https:\/\/modaitalia.gruppoflorence.it\/fr\/lentreprise\/#breadcrumb","itemListElement":[{"@type":"ListItem","position":1,"name":"Home","item":"https:\/\/modaitalia.gruppoflorence.it\/fr\/"},{"@type":"ListItem","position":2,"name":"L\u2019entreprise"}]},{"@type":"WebSite","@id":"https:\/\/modaitalia.gruppoflorence.it\/#website","url":"https:\/\/modaitalia.gruppoflorence.it\/","name":"Moda Italia","description":"","potentialAction":[{"@type":"SearchAction","target":{"@type":"EntryPoint","urlTemplate":"https:\/\/modaitalia.gruppoflorence.it\/?s={search_term_string}"},"query-input":{"@type":"PropertyValueSpecification","valueRequired":true,"valueName":"search_term_string"}}],"inLanguage":"fr-FR"}]}},"_links":{"self":[{"href":"https:\/\/modaitalia.gruppoflorence.it\/fr\/wp-json\/wp\/v2\/pages\/589","targetHints":{"allow":["GET"]}}],"collection":[{"href":"https:\/\/modaitalia.gruppoflorence.it\/fr\/wp-json\/wp\/v2\/pages"}],"about":[{"href":"https:\/\/modaitalia.gruppoflorence.it\/fr\/wp-json\/wp\/v2\/types\/page"}],"author":[{"embeddable":true,"href":"https:\/\/modaitalia.gruppoflorence.it\/fr\/wp-json\/wp\/v2\/users\/18"}],"replies":[{"embeddable":true,"href":"https:\/\/modaitalia.gruppoflorence.it\/fr\/wp-json\/wp\/v2\/comments?post=589"}],"version-history":[{"count":5,"href":"https:\/\/modaitalia.gruppoflorence.it\/fr\/wp-json\/wp\/v2\/pages\/589\/revisions"}],"predecessor-version":[{"id":643,"href":"https:\/\/modaitalia.gruppoflorence.it\/fr\/wp-json\/wp\/v2\/pages\/589\/revisions\/643"}],"wp:attachment":[{"href":"https:\/\/modaitalia.gruppoflorence.it\/fr\/wp-json\/wp\/v2\/media?parent=589"}],"curies":[{"name":"wp","href":"https:\/\/api.w.org\/{rel}","templated":true}]}}