{"id":594,"date":"2024-10-18T12:57:19","date_gmt":"2024-10-18T10:57:19","guid":{"rendered":"https:\/\/modaitalia.gruppoflorence.it\/?page_id=594"},"modified":"2025-04-07T10:57:37","modified_gmt":"2025-04-07T08:57:37","slug":"home-page","status":"publish","type":"page","link":"https:\/\/modaitalia.gruppoflorence.it\/fr\/","title":{"rendered":"Home Page"},"content":{"rendered":"","protected":false},"excerpt":{"rendered":"","protected":false},"author":18,"featured_media":0,"parent":0,"menu_order":0,"comment_status":"closed","ping_status":"closed","template":"","meta":{"_acf_changed":false,"footnotes":""},"class_list":["post-594","page","type-page","status-publish","hentry"],"acf":[],"yoast_head":"<!-- This site is optimized with the Yoast SEO plugin v27.1.1 - https:\/\/yoast.com\/product\/yoast-seo-wordpress\/ -->\n<title>Moda Italia: v\u00eatements et articles de sport<\/title>\n<meta name=\"description\" content=\"Moda Italia allie exp\u00e9rimentation et tradition pour cr\u00e9er des v\u00eatements de qualit\u00e9 et des articles de sport, du denim aux v\u00eatements semi-classiques.\" \/>\n<meta name=\"robots\" content=\"index, follow, max-snippet:-1, max-image-preview:large, max-video-preview:-1\" \/>\n<link rel=\"canonical\" href=\"https:\/\/modaitalia.gruppoflorence.it\/fr\/\" \/>\n<meta property=\"og:locale\" content=\"fr_FR\" \/>\n<meta property=\"og:type\" content=\"article\" \/>\n<meta property=\"og:title\" content=\"Moda Italia: v\u00eatements et articles de sport\" \/>\n<meta property=\"og:description\" content=\"Moda Italia allie exp\u00e9rimentation et tradition pour cr\u00e9er des v\u00eatements de qualit\u00e9 et des articles de sport, du denim aux v\u00eatements semi-classiques.\" \/>\n<meta property=\"og:url\" content=\"https:\/\/modaitalia.gruppoflorence.it\/fr\/\" \/>\n<meta property=\"og:site_name\" content=\"Moda Italia\" \/>\n<meta property=\"article:modified_time\" content=\"2025-04-07T08:57:37+00:00\" \/>\n<meta name=\"twitter:card\" content=\"summary_large_image\" \/>\n<script type=\"application\/ld+json\" class=\"yoast-schema-graph\">{\"@context\":\"https:\/\/schema.org\",\"@graph\":[{\"@type\":\"WebPage\",\"@id\":\"https:\/\/modaitalia.gruppoflorence.it\/fr\/\",\"url\":\"https:\/\/modaitalia.gruppoflorence.it\/fr\/\",\"name\":\"Moda Italia: v\u00eatements et articles de sport\",\"isPartOf\":{\"@id\":\"https:\/\/modaitalia.gruppoflorence.it\/#website\"},\"datePublished\":\"2024-10-18T10:57:19+00:00\",\"dateModified\":\"2025-04-07T08:57:37+00:00\",\"description\":\"Moda Italia allie exp\u00e9rimentation et tradition pour cr\u00e9er des v\u00eatements de qualit\u00e9 et des articles de sport, du denim aux v\u00eatements semi-classiques.\",\"breadcrumb\":{\"@id\":\"https:\/\/modaitalia.gruppoflorence.it\/fr\/#breadcrumb\"},\"inLanguage\":\"fr-FR\",\"potentialAction\":[{\"@type\":\"ReadAction\",\"target\":[\"https:\/\/modaitalia.gruppoflorence.it\/fr\/\"]}]},{\"@type\":\"BreadcrumbList\",\"@id\":\"https:\/\/modaitalia.gruppoflorence.it\/fr\/#breadcrumb\",\"itemListElement\":[{\"@type\":\"ListItem\",\"position\":1,\"name\":\"Home\",\"item\":\"https:\/\/modaitalia.gruppoflorence.it\/fr\/\"},{\"@type\":\"ListItem\",\"position\":2,\"name\":\"Home Page\"}]},{\"@type\":\"WebSite\",\"@id\":\"https:\/\/modaitalia.gruppoflorence.it\/#website\",\"url\":\"https:\/\/modaitalia.gruppoflorence.it\/\",\"name\":\"Moda Italia\",\"description\":\"\",\"potentialAction\":[{\"@type\":\"SearchAction\",\"target\":{\"@type\":\"EntryPoint\",\"urlTemplate\":\"https:\/\/modaitalia.gruppoflorence.it\/?s={search_term_string}\"},\"query-input\":{\"@type\":\"PropertyValueSpecification\",\"valueRequired\":true,\"valueName\":\"search_term_string\"}}],\"inLanguage\":\"fr-FR\"}]}<\/script>\n<!-- \/ Yoast SEO plugin. -->","yoast_head_json":{"title":"Moda Italia: v\u00eatements et articles de sport","description":"Moda Italia allie exp\u00e9rimentation et tradition pour cr\u00e9er des v\u00eatements de qualit\u00e9 et des articles de sport, du denim aux v\u00eatements semi-classiques.","robots":{"index":"index","follow":"follow","max-snippet":"max-snippet:-1","max-image-preview":"max-image-preview:large","max-video-preview":"max-video-preview:-1"},"canonical":"https:\/\/modaitalia.gruppoflorence.it\/fr\/","og_locale":"fr_FR","og_type":"article","og_title":"Moda Italia: v\u00eatements et articles de sport","og_description":"Moda Italia allie exp\u00e9rimentation et tradition pour cr\u00e9er des v\u00eatements de qualit\u00e9 et des articles de sport, du denim aux v\u00eatements semi-classiques.","og_url":"https:\/\/modaitalia.gruppoflorence.it\/fr\/","og_site_name":"Moda Italia","article_modified_time":"2025-04-07T08:57:37+00:00","twitter_card":"summary_large_image","schema":{"@context":"https:\/\/schema.org","@graph":[{"@type":"WebPage","@id":"https:\/\/modaitalia.gruppoflorence.it\/fr\/","url":"https:\/\/modaitalia.gruppoflorence.it\/fr\/","name":"Moda Italia: v\u00eatements et articles de sport","isPartOf":{"@id":"https:\/\/modaitalia.gruppoflorence.it\/#website"},"datePublished":"2024-10-18T10:57:19+00:00","dateModified":"2025-04-07T08:57:37+00:00","description":"Moda Italia allie exp\u00e9rimentation et tradition pour cr\u00e9er des v\u00eatements de qualit\u00e9 et des articles de sport, du denim aux v\u00eatements semi-classiques.","breadcrumb":{"@id":"https:\/\/modaitalia.gruppoflorence.it\/fr\/#breadcrumb"},"inLanguage":"fr-FR","potentialAction":[{"@type":"ReadAction","target":["https:\/\/modaitalia.gruppoflorence.it\/fr\/"]}]},{"@type":"BreadcrumbList","@id":"https:\/\/modaitalia.gruppoflorence.it\/fr\/#breadcrumb","itemListElement":[{"@type":"ListItem","position":1,"name":"Home","item":"https:\/\/modaitalia.gruppoflorence.it\/fr\/"},{"@type":"ListItem","position":2,"name":"Home Page"}]},{"@type":"WebSite","@id":"https:\/\/modaitalia.gruppoflorence.it\/#website","url":"https:\/\/modaitalia.gruppoflorence.it\/","name":"Moda Italia","description":"","potentialAction":[{"@type":"SearchAction","target":{"@type":"EntryPoint","urlTemplate":"https:\/\/modaitalia.gruppoflorence.it\/?s={search_term_string}"},"query-input":{"@type":"PropertyValueSpecification","valueRequired":true,"valueName":"search_term_string"}}],"inLanguage":"fr-FR"}]}},"_links":{"self":[{"href":"https:\/\/modaitalia.gruppoflorence.it\/fr\/wp-json\/wp\/v2\/pages\/594","targetHints":{"allow":["GET"]}}],"collection":[{"href":"https:\/\/modaitalia.gruppoflorence.it\/fr\/wp-json\/wp\/v2\/pages"}],"about":[{"href":"https:\/\/modaitalia.gruppoflorence.it\/fr\/wp-json\/wp\/v2\/types\/page"}],"author":[{"embeddable":true,"href":"https:\/\/modaitalia.gruppoflorence.it\/fr\/wp-json\/wp\/v2\/users\/18"}],"replies":[{"embeddable":true,"href":"https:\/\/modaitalia.gruppoflorence.it\/fr\/wp-json\/wp\/v2\/comments?post=594"}],"version-history":[{"count":6,"href":"https:\/\/modaitalia.gruppoflorence.it\/fr\/wp-json\/wp\/v2\/pages\/594\/revisions"}],"predecessor-version":[{"id":639,"href":"https:\/\/modaitalia.gruppoflorence.it\/fr\/wp-json\/wp\/v2\/pages\/594\/revisions\/639"}],"wp:attachment":[{"href":"https:\/\/modaitalia.gruppoflorence.it\/fr\/wp-json\/wp\/v2\/media?parent=594"}],"curies":[{"name":"wp","href":"https:\/\/api.w.org\/{rel}","templated":true}]}}